{"id":1556,"date":"2023-10-04T17:44:12","date_gmt":"2023-10-04T15:44:12","guid":{"rendered":"http:\/\/eunate.org\/?page_id=1556"},"modified":"2025-01-15T08:52:13","modified_gmt":"2025-01-15T07:52:13","slug":"transparencia","status":"publish","type":"page","link":"https:\/\/eunate.org\/eu\/transparencia\/","title":{"rendered":"Transparencia"},"content":{"rendered":"<div data-elementor-type=\"wp-page\" data-elementor-id=\"1556\" class=\"elementor elementor-1556\">\n\t\t\t\t\t\t<section class=\"elementor-section elementor-top-section elementor-element elementor-element-2bb5bf5 elementor-section-boxed elementor-section-height-default elementor-section-height-default\" data-id=\"2bb5bf5\" data-element_type=\"section\" data-e-type=\"section\">\n\t\t\t\t\t\t<div class=\"elementor-container elementor-column-gap-default\">\n\t\t\t\t\t<div class=\"elementor-column elementor-col-100 elementor-top-column elementor-element elementor-element-d0e73e2\" data-id=\"d0e73e2\" data-element_type=\"column\" data-e-type=\"column\">\n\t\t\t<div class=\"elementor-widget-wrap elementor-element-populated\">\n\t\t\t\t\t\t<div class=\"elementor-element elementor-element-18ed788 elementor-widget elementor-widget-html\" data-id=\"18ed788\" data-element_type=\"widget\" data-e-type=\"widget\" data-widget_type=\"html.default\">\n\t\t\t\t<div class=\"elementor-widget-container\">\n\t\t\t\t\t<!-- Google tag (gtag.js) -->\r\n<script async src=\"https:\/\/www.googletagmanager.com\/gtag\/js?id=G-MTG0F70JYB\"><\/script>\r\n<script>\r\n  window.dataLayer = window.dataLayer || [];\r\n  function gtag(){dataLayer.push(arguments);}\r\n  gtag('js', new Date());\r\n\r\n  gtag('config', 'G-MTG0F70JYB');\r\n<\/script>\t\t\t\t<\/div>\n\t\t\t\t<\/div>\n\t\t\t\t\t<\/div>\n\t\t<\/div>\n\t\t\t\t\t<\/div>\n\t\t<\/section>\n\t\t\t\t<section class=\"elementor-section elementor-top-section elementor-element elementor-element-fa95be5 elementor-section-boxed elementor-section-height-default elementor-section-height-default\" data-id=\"fa95be5\" data-element_type=\"section\" data-e-type=\"section\">\n\t\t\t\t\t\t<div class=\"elementor-container elementor-column-gap-default\">\n\t\t\t\t\t<div class=\"elementor-column elementor-col-100 elementor-top-column elementor-element elementor-element-3cf0dbe\" data-id=\"3cf0dbe\" data-element_type=\"column\" data-e-type=\"column\">\n\t\t\t<div class=\"elementor-widget-wrap elementor-element-populated\">\n\t\t\t\t\t\t<div class=\"elementor-element elementor-element-070fd20 elementor-widget elementor-widget-text-editor\" data-id=\"070fd20\" data-element_type=\"widget\" data-e-type=\"widget\" data-widget_type=\"text-editor.default\">\n\t\t\t\t<div class=\"elementor-widget-container\">\n\t\t\t\t\t\t\t\t\t<p><strong>(Documentos revisados. Octubre 2024)<\/strong><\/p><p>En cumplimiento con la Ley 19\/2013, de 9 de diciembre, de transparencia, acceso a la informaci\u00f3n p\u00fablica y buen gobierno, aplicable en parte de su contenido por ser Eunate\u00a0 perceptora de fondos p\u00fablicos, proporcionamos a trav\u00e9s de esta p\u00e1gina web informaci\u00f3n sobre:<\/p>\t\t\t\t\t\t\t\t<\/div>\n\t\t\t\t<\/div>\n\t\t\t\t\t<\/div>\n\t\t<\/div>\n\t\t\t\t\t<\/div>\n\t\t<\/section>\n\t\t\t\t<section class=\"elementor-section elementor-top-section elementor-element elementor-element-073409d elementor-section-boxed elementor-section-height-default elementor-section-height-default\" data-id=\"073409d\" data-element_type=\"section\" data-e-type=\"section\">\n\t\t\t\t\t\t<div class=\"elementor-container elementor-column-gap-default\">\n\t\t\t\t\t<div class=\"elementor-column elementor-col-100 elementor-top-column elementor-element elementor-element-1cf981b\" data-id=\"1cf981b\" data-element_type=\"column\" data-e-type=\"column\">\n\t\t\t<div class=\"elementor-widget-wrap elementor-element-populated\">\n\t\t\t\t\t\t<div class=\"elementor-element elementor-element-f692b66 elementor-widget elementor-widget-image\" data-id=\"f692b66\" data-element_type=\"widget\" data-e-type=\"widget\" data-widget_type=\"image.default\">\n\t\t\t\t<div class=\"elementor-widget-container\">\n\t\t\t\t\t\t\t\t\t\t\t\t\t\t\t<img fetchpriority=\"high\" decoding=\"async\" width=\"265\" height=\"190\" src=\"http:\/\/eunate.org\/wp-content\/uploads\/2023\/10\/subiendo.png\" class=\"attachment-large size-large wp-image-1557\" alt=\"Subiendo archivos\" srcset=\"http:\/\/eunate.org\/wp-content\/uploads\/2023\/10\/subiendo.png 265w, http:\/\/eunate.org\/wp-content\/uploads\/2023\/10\/subiendo-18x12.png 18w\" sizes=\"(max-width: 265px) 100vw, 265px\" \/>\t\t\t\t\t\t\t\t\t\t\t\t\t\t\t<\/div>\n\t\t\t\t<\/div>\n\t\t\t\t\t<\/div>\n\t\t<\/div>\n\t\t\t\t\t<\/div>\n\t\t<\/section>\n\t\t\t\t<section class=\"elementor-section elementor-top-section elementor-element elementor-element-5f9b36c elementor-section-boxed elementor-section-height-default elementor-section-height-default\" data-id=\"5f9b36c\" data-element_type=\"section\" data-e-type=\"section\">\n\t\t\t\t\t\t<div class=\"elementor-container elementor-column-gap-default\">\n\t\t\t\t\t<div class=\"elementor-column elementor-col-100 elementor-top-column elementor-element elementor-element-41c6844\" data-id=\"41c6844\" data-element_type=\"column\" data-e-type=\"column\">\n\t\t\t<div class=\"elementor-widget-wrap elementor-element-populated\">\n\t\t\t\t\t\t<div class=\"elementor-element elementor-element-22819ff elementor-widget__width-initial elementor-mobile-align-center elementor-widget-mobile__width-initial elementor-widget elementor-widget-button\" data-id=\"22819ff\" data-element_type=\"widget\" data-e-type=\"widget\" data-widget_type=\"button.default\">\n\t\t\t\t<div class=\"elementor-widget-container\">\n\t\t\t\t\t\t\t\t\t<div class=\"elementor-button-wrapper\">\n\t\t\t\t\t<a class=\"elementor-button elementor-button-link elementor-size-sm\" href=\"http:\/\/gofile.me\/70DWE\/Hl4aw1ZMt\" target=\"_blank\">\n\t\t\t\t\t\t<span class=\"elementor-button-content-wrapper\">\n\t\t\t\t\t\t\t\t\t<span class=\"elementor-button-text\">Asociaci\u00f3n Eunate     <\/span>\n\t\t\t\t\t<\/span>\n\t\t\t\t\t<\/a>\n\t\t\t\t<\/div>\n\t\t\t\t\t\t\t\t<\/div>\n\t\t\t\t<\/div>\n\t\t\t\t<div class=\"elementor-element elementor-element-f08d017 elementor-widget__width-initial elementor-mobile-align-center elementor-widget-mobile__width-initial elementor-widget elementor-widget-button\" data-id=\"f08d017\" data-element_type=\"widget\" data-e-type=\"widget\" data-widget_type=\"button.default\">\n\t\t\t\t<div class=\"elementor-widget-container\">\n\t\t\t\t\t\t\t\t\t<div class=\"elementor-button-wrapper\">\n\t\t\t\t\t<a class=\"elementor-button elementor-button-link elementor-size-sm\" href=\"http:\/\/gofile.me\/70DWE\/KtFeKpn0O\" target=\"_blank\">\n\t\t\t\t\t\t<span class=\"elementor-button-content-wrapper\">\n\t\t\t\t\t\t\t\t\t<span class=\"elementor-button-text\">Normas reguladoras<\/span>\n\t\t\t\t\t<\/span>\n\t\t\t\t\t<\/a>\n\t\t\t\t<\/div>\n\t\t\t\t\t\t\t\t<\/div>\n\t\t\t\t<\/div>\n\t\t\t\t<div class=\"elementor-element elementor-element-f3b1a74 elementor-widget__width-initial elementor-mobile-align-center elementor-widget-mobile__width-initial elementor-widget elementor-widget-button\" data-id=\"f3b1a74\" data-element_type=\"widget\" data-e-type=\"widget\" data-widget_type=\"button.default\">\n\t\t\t\t<div class=\"elementor-widget-container\">\n\t\t\t\t\t\t\t\t\t<div class=\"elementor-button-wrapper\">\n\t\t\t\t\t<a class=\"elementor-button elementor-button-link elementor-size-sm\" href=\"http:\/\/gofile.me\/70DWE\/48gKlpFKy\" target=\"_blank\">\n\t\t\t\t\t\t<span class=\"elementor-button-content-wrapper\">\n\t\t\t\t\t\t\t\t\t<span class=\"elementor-button-text\">Cartera de Servicios<\/span>\n\t\t\t\t\t<\/span>\n\t\t\t\t\t<\/a>\n\t\t\t\t<\/div>\n\t\t\t\t\t\t\t\t<\/div>\n\t\t\t\t<\/div>\n\t\t\t\t<div class=\"elementor-element elementor-element-ad015ee elementor-widget__width-initial elementor-mobile-align-center elementor-widget-mobile__width-initial elementor-widget elementor-widget-button\" data-id=\"ad015ee\" data-element_type=\"widget\" data-e-type=\"widget\" data-widget_type=\"button.default\">\n\t\t\t\t<div class=\"elementor-widget-container\">\n\t\t\t\t\t\t\t\t\t<div class=\"elementor-button-wrapper\">\n\t\t\t\t\t<a class=\"elementor-button elementor-button-link elementor-size-sm\" href=\"http:\/\/gofile.me\/70DWE\/HQJh8Lztk\" target=\"_blank\">\n\t\t\t\t\t\t<span class=\"elementor-button-content-wrapper\">\n\t\t\t\t\t\t\t\t\t<span class=\"elementor-button-text\">Gobierno y Gesti\u00f3n<\/span>\n\t\t\t\t\t<\/span>\n\t\t\t\t\t<\/a>\n\t\t\t\t<\/div>\n\t\t\t\t\t\t\t\t<\/div>\n\t\t\t\t<\/div>\n\t\t\t\t<div class=\"elementor-element elementor-element-271d04c elementor-widget__width-initial elementor-mobile-align-center elementor-widget-mobile__width-initial elementor-widget elementor-widget-button\" data-id=\"271d04c\" data-element_type=\"widget\" data-e-type=\"widget\" data-widget_type=\"button.default\">\n\t\t\t\t<div class=\"elementor-widget-container\">\n\t\t\t\t\t\t\t\t\t<div class=\"elementor-button-wrapper\">\n\t\t\t\t\t<a class=\"elementor-button elementor-button-link elementor-size-sm\" href=\"http:\/\/gofile.me\/70DWE\/VHg4gYTHw\" target=\"_blank\">\n\t\t\t\t\t\t<span class=\"elementor-button-content-wrapper\">\n\t\t\t\t\t\t\t\t\t<span class=\"elementor-button-text\">Documentos varios<\/span>\n\t\t\t\t\t<\/span>\n\t\t\t\t\t<\/a>\n\t\t\t\t<\/div>\n\t\t\t\t\t\t\t\t<\/div>\n\t\t\t\t<\/div>\n\t\t\t\t<div class=\"elementor-element elementor-element-8e407db elementor-widget__width-initial elementor-mobile-align-center elementor-widget-mobile__width-initial elementor-widget elementor-widget-button\" data-id=\"8e407db\" data-element_type=\"widget\" data-e-type=\"widget\" data-widget_type=\"button.default\">\n\t\t\t\t<div class=\"elementor-widget-container\">\n\t\t\t\t\t\t\t\t\t<div class=\"elementor-button-wrapper\">\n\t\t\t\t\t<a class=\"elementor-button elementor-button-link elementor-size-sm\" href=\"https:\/\/eunate.org\/eu\/elementor-pagina-1746\/\" target=\"_blank\">\n\t\t\t\t\t\t<span class=\"elementor-button-content-wrapper\">\n\t\t\t\t\t\t\t\t\t<span class=\"elementor-button-text\">CANAL DE DENUNCIAS <\/span>\n\t\t\t\t\t<\/span>\n\t\t\t\t\t<\/a>\n\t\t\t\t<\/div>\n\t\t\t\t\t\t\t\t<\/div>\n\t\t\t\t<\/div>\n\t\t\t\t\t<\/div>\n\t\t<\/div>\n\t\t\t\t\t<\/div>\n\t\t<\/section>\n\t\t\t\t<section class=\"elementor-section elementor-top-section elementor-element elementor-element-9d52e20 elementor-section-boxed elementor-section-height-default elementor-section-height-default\" data-id=\"9d52e20\" data-element_type=\"section\" data-e-type=\"section\">\n\t\t\t\t\t\t<div class=\"elementor-container elementor-column-gap-default\">\n\t\t\t\t\t<div class=\"elementor-column elementor-col-100 elementor-top-column elementor-element elementor-element-def3451\" data-id=\"def3451\" data-element_type=\"column\" data-e-type=\"column\">\n\t\t\t<div class=\"elementor-widget-wrap\">\n\t\t\t\t\t\t\t<\/div>\n\t\t<\/div>\n\t\t\t\t\t<\/div>\n\t\t<\/section>\n\t\t\t\t<\/div>","protected":false},"excerpt":{"rendered":"<p>(Documentos revisados. Octubre 2024) En cumplimiento con la Ley 19\/2013, de 9 de diciembre, de transparencia, acceso a la informaci\u00f3n p\u00fablica y buen gobierno, aplicable en parte de su contenido por ser Eunate\u00a0 perceptora de fondos p\u00fablicos, proporcionamos a trav\u00e9s de esta p\u00e1gina web informaci\u00f3n sobre: Asociaci\u00f3n Eunate Normas reguladoras Cartera de Servicios Gobierno y [&hellip;]<\/p>","protected":false},"author":3,"featured_media":0,"parent":0,"menu_order":0,"comment_status":"closed","ping_status":"closed","template":"","meta":{"footnotes":""},"class_list":["post-1556","page","type-page","status-publish","hentry"],"yoast_head":"<!-- This site is optimized with the Yoast SEO plugin v27.4 - https:\/\/yoast.com\/product\/yoast-seo-wordpress\/ -->\n<title>Transparencia - Asociaci\u00f3n Eunate Elkartea<\/title>\n<meta name=\"robots\" content=\"index, follow, max-snippet:-1, max-image-preview:large, max-video-preview:-1\" \/>\n<link rel=\"canonical\" href=\"http:\/\/eunate.org\/eu\/transparencia\/\" \/>\n<meta property=\"og:locale\" content=\"en_US\" \/>\n<meta property=\"og:type\" content=\"article\" \/>\n<meta property=\"og:title\" content=\"Transparencia - Asociaci\u00f3n Eunate Elkartea\" \/>\n<meta property=\"og:description\" content=\"(Documentos revisados. Octubre 2024) En cumplimiento con la Ley 19\/2013, de 9 de diciembre, de transparencia, acceso a la informaci\u00f3n p\u00fablica y buen gobierno, aplicable en parte de su contenido por ser Eunate\u00a0 perceptora de fondos p\u00fablicos, proporcionamos a trav\u00e9s de esta p\u00e1gina web informaci\u00f3n sobre: Asociaci\u00f3n Eunate Normas reguladoras Cartera de Servicios Gobierno y [&hellip;]\" \/>\n<meta property=\"og:url\" content=\"http:\/\/eunate.org\/eu\/transparencia\/\" \/>\n<meta property=\"og:site_name\" content=\"Asociaci\u00f3n Eunate Elkartea\" \/>\n<meta property=\"article:modified_time\" content=\"2025-01-15T07:52:13+00:00\" \/>\n<meta property=\"og:image\" content=\"http:\/\/eunate.org\/wp-content\/uploads\/2023\/10\/subiendo.png\" \/>\n<meta name=\"twitter:card\" content=\"summary_large_image\" \/>\n<script type=\"application\/ld+json\" class=\"yoast-schema-graph\">{\"@context\":\"https:\\\/\\\/schema.org\",\"@graph\":[{\"@type\":\"WebPage\",\"@id\":\"http:\\\/\\\/eunate.org\\\/transparencia\\\/\",\"url\":\"http:\\\/\\\/eunate.org\\\/transparencia\\\/\",\"name\":\"Transparencia - Asociaci\u00f3n Eunate Elkartea\",\"isPartOf\":{\"@id\":\"https:\\\/\\\/eunate.org\\\/#website\"},\"primaryImageOfPage\":{\"@id\":\"http:\\\/\\\/eunate.org\\\/transparencia\\\/#primaryimage\"},\"image\":{\"@id\":\"http:\\\/\\\/eunate.org\\\/transparencia\\\/#primaryimage\"},\"thumbnailUrl\":\"http:\\\/\\\/eunate.org\\\/wp-content\\\/uploads\\\/2023\\\/10\\\/subiendo.png\",\"datePublished\":\"2023-10-04T15:44:12+00:00\",\"dateModified\":\"2025-01-15T07:52:13+00:00\",\"breadcrumb\":{\"@id\":\"http:\\\/\\\/eunate.org\\\/transparencia\\\/#breadcrumb\"},\"inLanguage\":\"eu\",\"potentialAction\":[{\"@type\":\"ReadAction\",\"target\":[\"http:\\\/\\\/eunate.org\\\/transparencia\\\/\"]}]},{\"@type\":\"ImageObject\",\"inLanguage\":\"eu\",\"@id\":\"http:\\\/\\\/eunate.org\\\/transparencia\\\/#primaryimage\",\"url\":\"http:\\\/\\\/eunate.org\\\/wp-content\\\/uploads\\\/2023\\\/10\\\/subiendo.png\",\"contentUrl\":\"http:\\\/\\\/eunate.org\\\/wp-content\\\/uploads\\\/2023\\\/10\\\/subiendo.png\"},{\"@type\":\"BreadcrumbList\",\"@id\":\"http:\\\/\\\/eunate.org\\\/transparencia\\\/#breadcrumb\",\"itemListElement\":[{\"@type\":\"ListItem\",\"position\":1,\"name\":\"Inicio\",\"item\":\"https:\\\/\\\/eunate.org\\\/\"},{\"@type\":\"ListItem\",\"position\":2,\"name\":\"Transparencia\"}]},{\"@type\":\"WebSite\",\"@id\":\"https:\\\/\\\/eunate.org\\\/#website\",\"url\":\"https:\\\/\\\/eunate.org\\\/\",\"name\":\"Asociaci\u00f3n Eunate Elkartea\",\"description\":\"Asociaci\u00f3n de Familias de personas sordas de Navarra\",\"publisher\":{\"@id\":\"https:\\\/\\\/eunate.org\\\/#organization\"},\"potentialAction\":[{\"@type\":\"SearchAction\",\"target\":{\"@type\":\"EntryPoint\",\"urlTemplate\":\"https:\\\/\\\/eunate.org\\\/?s={search_term_string}\"},\"query-input\":{\"@type\":\"PropertyValueSpecification\",\"valueRequired\":true,\"valueName\":\"search_term_string\"}}],\"inLanguage\":\"eu\"},{\"@type\":\"Organization\",\"@id\":\"https:\\\/\\\/eunate.org\\\/#organization\",\"name\":\"Accisor\",\"url\":\"https:\\\/\\\/eunate.org\\\/\",\"logo\":{\"@type\":\"ImageObject\",\"inLanguage\":\"eu\",\"@id\":\"https:\\\/\\\/eunate.org\\\/#\\\/schema\\\/logo\\\/image\\\/\",\"url\":\"https:\\\/\\\/accisor.org\\\/wp-content\\\/uploads\\\/2021\\\/06\\\/favicon-accisor.png\",\"contentUrl\":\"https:\\\/\\\/accisor.org\\\/wp-content\\\/uploads\\\/2021\\\/06\\\/favicon-accisor.png\",\"width\":500,\"height\":500,\"caption\":\"Accisor\"},\"image\":{\"@id\":\"https:\\\/\\\/eunate.org\\\/#\\\/schema\\\/logo\\\/image\\\/\"}}]}<\/script>\n<!-- \/ Yoast SEO plugin. -->","yoast_head_json":{"title":"Transparencia - Asociaci\u00f3n Eunate Elkartea","robots":{"index":"index","follow":"follow","max-snippet":"max-snippet:-1","max-image-preview":"max-image-preview:large","max-video-preview":"max-video-preview:-1"},"canonical":"http:\/\/eunate.org\/eu\/transparencia\/","og_locale":"en_US","og_type":"article","og_title":"Transparencia - Asociaci\u00f3n Eunate Elkartea","og_description":"(Documentos revisados. Octubre 2024) En cumplimiento con la Ley 19\/2013, de 9 de diciembre, de transparencia, acceso a la informaci\u00f3n p\u00fablica y buen gobierno, aplicable en parte de su contenido por ser Eunate\u00a0 perceptora de fondos p\u00fablicos, proporcionamos a trav\u00e9s de esta p\u00e1gina web informaci\u00f3n sobre: Asociaci\u00f3n Eunate Normas reguladoras Cartera de Servicios Gobierno y [&hellip;]","og_url":"http:\/\/eunate.org\/eu\/transparencia\/","og_site_name":"Asociaci\u00f3n Eunate Elkartea","article_modified_time":"2025-01-15T07:52:13+00:00","og_image":[{"url":"http:\/\/eunate.org\/wp-content\/uploads\/2023\/10\/subiendo.png","type":"","width":"","height":""}],"twitter_card":"summary_large_image","schema":{"@context":"https:\/\/schema.org","@graph":[{"@type":"WebPage","@id":"http:\/\/eunate.org\/transparencia\/","url":"http:\/\/eunate.org\/transparencia\/","name":"Transparencia - Asociaci\u00f3n Eunate Elkartea","isPartOf":{"@id":"https:\/\/eunate.org\/#website"},"primaryImageOfPage":{"@id":"http:\/\/eunate.org\/transparencia\/#primaryimage"},"image":{"@id":"http:\/\/eunate.org\/transparencia\/#primaryimage"},"thumbnailUrl":"http:\/\/eunate.org\/wp-content\/uploads\/2023\/10\/subiendo.png","datePublished":"2023-10-04T15:44:12+00:00","dateModified":"2025-01-15T07:52:13+00:00","breadcrumb":{"@id":"http:\/\/eunate.org\/transparencia\/#breadcrumb"},"inLanguage":"eu","potentialAction":[{"@type":"ReadAction","target":["http:\/\/eunate.org\/transparencia\/"]}]},{"@type":"ImageObject","inLanguage":"eu","@id":"http:\/\/eunate.org\/transparencia\/#primaryimage","url":"http:\/\/eunate.org\/wp-content\/uploads\/2023\/10\/subiendo.png","contentUrl":"http:\/\/eunate.org\/wp-content\/uploads\/2023\/10\/subiendo.png"},{"@type":"BreadcrumbList","@id":"http:\/\/eunate.org\/transparencia\/#breadcrumb","itemListElement":[{"@type":"ListItem","position":1,"name":"Inicio","item":"https:\/\/eunate.org\/"},{"@type":"ListItem","position":2,"name":"Transparencia"}]},{"@type":"WebSite","@id":"https:\/\/eunate.org\/#website","url":"https:\/\/eunate.org\/","name":"Asociaci\u00f3n Eunate Elkartea","description":"Asociaci\u00f3n de Familias de personas sordas de Navarra","publisher":{"@id":"https:\/\/eunate.org\/#organization"},"potentialAction":[{"@type":"SearchAction","target":{"@type":"EntryPoint","urlTemplate":"https:\/\/eunate.org\/?s={search_term_string}"},"query-input":{"@type":"PropertyValueSpecification","valueRequired":true,"valueName":"search_term_string"}}],"inLanguage":"eu"},{"@type":"Organization","@id":"https:\/\/eunate.org\/#organization","name":"Accisor","url":"https:\/\/eunate.org\/","logo":{"@type":"ImageObject","inLanguage":"eu","@id":"https:\/\/eunate.org\/#\/schema\/logo\/image\/","url":"https:\/\/accisor.org\/wp-content\/uploads\/2021\/06\/favicon-accisor.png","contentUrl":"https:\/\/accisor.org\/wp-content\/uploads\/2021\/06\/favicon-accisor.png","width":500,"height":500,"caption":"Accisor"},"image":{"@id":"https:\/\/eunate.org\/#\/schema\/logo\/image\/"}}]}},"_links":{"self":[{"href":"https:\/\/eunate.org\/eu\/wp-json\/wp\/v2\/pages\/1556","targetHints":{"allow":["GET"]}}],"collection":[{"href":"https:\/\/eunate.org\/eu\/wp-json\/wp\/v2\/pages"}],"about":[{"href":"https:\/\/eunate.org\/eu\/wp-json\/wp\/v2\/types\/page"}],"author":[{"embeddable":true,"href":"https:\/\/eunate.org\/eu\/wp-json\/wp\/v2\/users\/3"}],"replies":[{"embeddable":true,"href":"https:\/\/eunate.org\/eu\/wp-json\/wp\/v2\/comments?post=1556"}],"version-history":[{"count":0,"href":"https:\/\/eunate.org\/eu\/wp-json\/wp\/v2\/pages\/1556\/revisions"}],"wp:attachment":[{"href":"https:\/\/eunate.org\/eu\/wp-json\/wp\/v2\/media?parent=1556"}],"curies":[{"name":"wp","href":"https:\/\/api.w.org\/{rel}","templated":true}]}}