{"id":1674,"date":"2025-01-10T09:33:50","date_gmt":"2025-01-10T08:33:50","guid":{"rendered":"https:\/\/eunate.org\/?page_id=1674"},"modified":"2025-01-13T12:43:44","modified_gmt":"2025-01-13T11:43:44","slug":"compliance-2","status":"publish","type":"page","link":"https:\/\/eunate.org\/eu\/compliance-2\/","title":{"rendered":"COMPLIANCE"},"content":{"rendered":"<div data-elementor-type=\"wp-page\" data-elementor-id=\"1674\" class=\"elementor elementor-1674\">\n\t\t\t\t\t\t<section class=\"elementor-section elementor-top-section elementor-element elementor-element-54a7045 elementor-section-boxed elementor-section-height-default elementor-section-height-default\" data-id=\"54a7045\" data-element_type=\"section\" data-e-type=\"section\">\n\t\t\t\t\t\t<div class=\"elementor-container elementor-column-gap-default\">\n\t\t\t\t\t<div class=\"elementor-column elementor-col-100 elementor-top-column elementor-element elementor-element-c889c51\" data-id=\"c889c51\" data-element_type=\"column\" data-e-type=\"column\">\n\t\t\t<div class=\"elementor-widget-wrap elementor-element-populated\">\n\t\t\t\t\t\t<div class=\"elementor-element elementor-element-16f17b0 elementor-widget elementor-widget-html\" data-id=\"16f17b0\" data-element_type=\"widget\" data-e-type=\"widget\" data-widget_type=\"html.default\">\n\t\t\t\t<div class=\"elementor-widget-container\">\n\t\t\t\t\t<!-- Google tag (gtag.js) -->\r\n<script async src=\"https:\/\/www.googletagmanager.com\/gtag\/js?id=G-MTG0F70JYB\"><\/script>\r\n<script>\r\n  window.dataLayer = window.dataLayer || [];\r\n  function gtag(){dataLayer.push(arguments);}\r\n  gtag('js', new Date());\r\n\r\n  gtag('config', 'G-MTG0F70JYB');\r\n<\/script>\t\t\t\t<\/div>\n\t\t\t\t<\/div>\n\t\t\t\t\t<\/div>\n\t\t<\/div>\n\t\t\t\t\t<\/div>\n\t\t<\/section>\n\t\t\t\t<section class=\"elementor-section elementor-top-section elementor-element elementor-element-8baa463 elementor-section-boxed elementor-section-height-default elementor-section-height-default\" data-id=\"8baa463\" data-element_type=\"section\" data-e-type=\"section\">\n\t\t\t\t\t\t<div class=\"elementor-container elementor-column-gap-default\">\n\t\t\t\t\t<div class=\"elementor-column elementor-col-100 elementor-top-column elementor-element elementor-element-5db215a\" data-id=\"5db215a\" data-element_type=\"column\" data-e-type=\"column\">\n\t\t\t<div class=\"elementor-widget-wrap elementor-element-populated\">\n\t\t\t\t\t\t<div class=\"elementor-element elementor-element-d5da327 elementor-widget elementor-widget-heading\" data-id=\"d5da327\" data-element_type=\"widget\" data-e-type=\"widget\" data-widget_type=\"heading.default\">\n\t\t\t\t<div class=\"elementor-widget-container\">\n\t\t\t\t\t<h2 class=\"elementor-heading-title elementor-size-default\">COMPLIANCE<\/h2>\t\t\t\t<\/div>\n\t\t\t\t<\/div>\n\t\t\t\t\t<\/div>\n\t\t<\/div>\n\t\t\t\t\t<\/div>\n\t\t<\/section>\n\t\t\t\t<section class=\"elementor-section elementor-top-section elementor-element elementor-element-835cfdc elementor-section-boxed elementor-section-height-default elementor-section-height-default\" data-id=\"835cfdc\" data-element_type=\"section\" data-e-type=\"section\">\n\t\t\t\t\t\t<div class=\"elementor-container elementor-column-gap-default\">\n\t\t\t\t\t<div class=\"elementor-column elementor-col-100 elementor-top-column elementor-element elementor-element-9856329\" data-id=\"9856329\" data-element_type=\"column\" data-e-type=\"column\">\n\t\t\t<div class=\"elementor-widget-wrap elementor-element-populated\">\n\t\t\t\t\t\t<div class=\"elementor-element elementor-element-be5c600 elementor-widget elementor-widget-image\" data-id=\"be5c600\" data-element_type=\"widget\" data-e-type=\"widget\" data-widget_type=\"image.default\">\n\t\t\t\t<div class=\"elementor-widget-container\">\n\t\t\t\t\t\t\t\t\t\t\t\t\t\t\t<img fetchpriority=\"high\" decoding=\"async\" width=\"318\" height=\"159\" src=\"https:\/\/eunate.org\/wp-content\/uploads\/2025\/01\/LOGO-COMPLIANCE.jpg\" class=\"attachment-large size-large wp-image-1688\" alt=\"Dibujo sobre los temas que comprende Compliance\" srcset=\"https:\/\/eunate.org\/wp-content\/uploads\/2025\/01\/LOGO-COMPLIANCE.jpg 318w, https:\/\/eunate.org\/wp-content\/uploads\/2025\/01\/LOGO-COMPLIANCE-300x150.jpg 300w, https:\/\/eunate.org\/wp-content\/uploads\/2025\/01\/LOGO-COMPLIANCE-18x9.jpg 18w\" sizes=\"(max-width: 318px) 100vw, 318px\" \/>\t\t\t\t\t\t\t\t\t\t\t\t\t\t\t<\/div>\n\t\t\t\t<\/div>\n\t\t\t\t\t<\/div>\n\t\t<\/div>\n\t\t\t\t\t<\/div>\n\t\t<\/section>\n\t\t\t\t<section class=\"elementor-section elementor-top-section elementor-element elementor-element-9193b08 elementor-section-boxed elementor-section-height-default elementor-section-height-default\" data-id=\"9193b08\" data-element_type=\"section\" data-e-type=\"section\">\n\t\t\t\t\t\t<div class=\"elementor-container elementor-column-gap-default\">\n\t\t\t\t\t<div class=\"elementor-column elementor-col-100 elementor-top-column elementor-element elementor-element-641dc7e\" data-id=\"641dc7e\" data-element_type=\"column\" data-e-type=\"column\">\n\t\t\t<div class=\"elementor-widget-wrap elementor-element-populated\">\n\t\t\t\t\t\t<div class=\"elementor-element elementor-element-3499292 elementor-widget elementor-widget-text-editor\" data-id=\"3499292\" data-element_type=\"widget\" data-e-type=\"widget\" data-widget_type=\"text-editor.default\">\n\t\t\t\t<div class=\"elementor-widget-container\">\n\t\t\t\t\t\t\t\t\t<div>EUNATE, como entidad socialmente responsable y con el objetivo de prevenir y mitigar riesgos penales, ha implementado un sistema de gesti\u00f3n estructurado y dise\u00f1ado para reducir el riesgo de comisi\u00f3n de delitos relacionados con nuestra actividad.<\/div><div>\u00a0<\/div><div>En consecuencia, el modelo de prevenci\u00f3n de riesgos penales de EUNATE se fundamenta sobre pol\u00edticas, procedimientos y controles.\u00a0<\/div><div>\u00a0<\/div><div>A continuaci\u00f3n,destacaremos los siguientes:<\/div><div>\u00a0<\/div><p><em>\u00a0 \u00a0 \u00a0 \u00a0 \u00a0 \u00a0 \u00a0 \u00a0 \u00a0 \u00a0 \u00a0 \u00a0 \u00a0 \u00a0 \u00a0 \u00a0 \u00a0 \u00a0 \u00a0 \u00a0 \u00a0 \u00a0 \u00a0 \u00a0 \u00a0 \u00a0 \u00a0 \u00a0 \u00a0 \u00a0 \u00a0 \u00a0 \u00a0 \u00a0 \u00a0 \u00a0 \u00a0 \u00a0 \u02d7 C\u00f3digo \u00c9tico<\/em><br \/><em>\u00a0 \u00a0 \u00a0 \u00a0 \u00a0 \u00a0 \u00a0 \u00a0 \u00a0 \u00a0 \u00a0 \u00a0 \u00a0 \u00a0 \u00a0 \u00a0 \u00a0 \u00a0 \u00a0 \u00a0 \u00a0 \u00a0 \u00a0 \u00a0 \u00a0 \u00a0 \u00a0 \u00a0 \u00a0 \u00a0 \u00a0 \u00a0 \u00a0 \u00a0 \u00a0 \u00a0 \u00a0 \u00a0 \u02d7 El \u00d3rgano de cumplimiento<\/em><br \/><em>\u00a0 \u00a0 \u00a0 \u00a0 \u00a0 \u00a0 \u00a0 \u00a0 \u00a0 \u00a0 \u00a0 \u00a0 \u00a0 \u00a0 \u00a0 \u00a0 \u00a0 \u00a0 \u00a0 \u00a0 \u00a0 \u00a0 \u00a0 \u00a0 \u00a0 \u00a0 \u00a0 \u00a0 \u00a0 \u00a0 \u00a0 \u00a0 \u00a0 \u00a0 \u00a0 \u00a0 \u00a0 \u00a0 \u02d7 Manual de cumplimiento<\/em><br \/><em>\u00a0 \u00a0 \u00a0 \u00a0 \u00a0 \u00a0 \u00a0 \u00a0 \u00a0 \u00a0 \u00a0 \u00a0 \u00a0 \u00a0 \u00a0 \u00a0 \u00a0 \u00a0 \u00a0 \u00a0 \u00a0 \u00a0 \u00a0 \u00a0 \u00a0 \u00a0 \u00a0 \u00a0 \u00a0 \u00a0 \u00a0 \u00a0 \u00a0 \u00a0 \u00a0 \u00a0 \u00a0 \u00a0 \u02d7 Medidas de Igualdad<\/em><br \/><em>\u00a0 \u00a0 \u00a0 \u00a0 \u00a0 \u00a0 \u00a0 \u00a0 \u00a0 \u00a0 \u00a0 \u00a0 \u00a0 \u00a0 \u00a0 \u00a0 \u00a0 \u00a0 \u00a0 \u00a0 \u00a0 \u00a0 \u00a0 \u00a0 \u00a0 \u00a0 \u00a0 \u00a0 \u00a0 \u00a0 \u00a0 \u00a0 \u00a0 \u00a0 \u00a0 \u00a0 \u00a0 \u00a0 \u02d7 Prevenci\u00f3n del acoso<\/em><br \/><em>\u00a0 \u00a0 \u00a0 \u00a0 \u00a0 \u00a0 \u00a0 \u00a0 \u00a0 \u00a0 \u00a0 \u00a0 \u00a0 \u00a0 \u00a0 \u00a0 \u00a0 \u00a0 \u00a0 \u00a0 \u00a0 \u00a0 \u00a0 \u00a0 \u00a0 \u00a0 \u00a0 \u00a0 \u00a0 \u00a0 \u00a0 \u00a0 \u00a0 \u00a0 \u00a0 \u00a0 \u00a0 \u00a0 \u02d7 Pol\u00edtica anticorrupci\u00f3n<\/em><\/p>\t\t\t\t\t\t\t\t<\/div>\n\t\t\t\t<\/div>\n\t\t\t\t<div class=\"elementor-element elementor-element-1e6252a elementor-widget__width-initial elementor-mobile-align-center elementor-widget-mobile__width-initial elementor-widget elementor-widget-button\" data-id=\"1e6252a\" data-element_type=\"widget\" data-e-type=\"widget\" data-widget_type=\"button.default\">\n\t\t\t\t<div class=\"elementor-widget-container\">\n\t\t\t\t\t\t\t\t\t<div class=\"elementor-button-wrapper\">\n\t\t\t\t\t<a class=\"elementor-button elementor-button-link elementor-size-sm\" href=\"http:\/\/gofile.me\/70DWE\/bKdAN83cq\" target=\"_blank\">\n\t\t\t\t\t\t<span class=\"elementor-button-content-wrapper\">\n\t\t\t\t\t\t\t\t\t<span class=\"elementor-button-text\">Documentos<\/span>\n\t\t\t\t\t<\/span>\n\t\t\t\t\t<\/a>\n\t\t\t\t<\/div>\n\t\t\t\t\t\t\t\t<\/div>\n\t\t\t\t<\/div>\n\t\t\t\t\t<\/div>\n\t\t<\/div>\n\t\t\t\t\t<\/div>\n\t\t<\/section>\n\t\t\t\t<\/div>","protected":false},"excerpt":{"rendered":"<p>COMPLIANCE EUNATE, como entidad socialmente responsable y con el objetivo de prevenir y mitigar riesgos penales, ha implementado un sistema de gesti\u00f3n estructurado y dise\u00f1ado para reducir el riesgo de comisi\u00f3n de delitos relacionados con nuestra actividad.\u00a0En consecuencia, el modelo de prevenci\u00f3n de riesgos penales de EUNATE se fundamenta sobre pol\u00edticas, procedimientos y controles.\u00a0\u00a0A continuaci\u00f3n,destacaremos [&hellip;]<\/p>","protected":false},"author":3,"featured_media":0,"parent":0,"menu_order":0,"comment_status":"closed","ping_status":"closed","template":"","meta":{"footnotes":""},"class_list":["post-1674","page","type-page","status-publish","hentry"],"yoast_head":"<!-- This site is optimized with the Yoast SEO plugin v27.4 - https:\/\/yoast.com\/product\/yoast-seo-wordpress\/ -->\n<title>COMPLIANCE - Asociaci\u00f3n Eunate Elkartea<\/title>\n<meta name=\"robots\" content=\"index, follow, max-snippet:-1, max-image-preview:large, max-video-preview:-1\" \/>\n<link rel=\"canonical\" href=\"https:\/\/eunate.org\/eu\/compliance-2\/\" \/>\n<meta property=\"og:locale\" content=\"en_US\" \/>\n<meta property=\"og:type\" content=\"article\" \/>\n<meta property=\"og:title\" content=\"COMPLIANCE - Asociaci\u00f3n Eunate Elkartea\" \/>\n<meta property=\"og:description\" content=\"COMPLIANCE EUNATE, como entidad socialmente responsable y con el objetivo de prevenir y mitigar riesgos penales, ha implementado un sistema de gesti\u00f3n estructurado y dise\u00f1ado para reducir el riesgo de comisi\u00f3n de delitos relacionados con nuestra actividad.\u00a0En consecuencia, el modelo de prevenci\u00f3n de riesgos penales de EUNATE se fundamenta sobre pol\u00edticas, procedimientos y controles.\u00a0\u00a0A continuaci\u00f3n,destacaremos [&hellip;]\" \/>\n<meta property=\"og:url\" content=\"https:\/\/eunate.org\/eu\/compliance-2\/\" \/>\n<meta property=\"og:site_name\" content=\"Asociaci\u00f3n Eunate Elkartea\" \/>\n<meta property=\"article:modified_time\" content=\"2025-01-13T11:43:44+00:00\" \/>\n<meta property=\"og:image\" content=\"http:\/\/eunate.org\/wp-content\/uploads\/2025\/01\/LOGO-COMPLIANCE.jpg\" \/>\n<meta name=\"twitter:card\" content=\"summary_large_image\" \/>\n<script type=\"application\/ld+json\" class=\"yoast-schema-graph\">{\"@context\":\"https:\\\/\\\/schema.org\",\"@graph\":[{\"@type\":\"WebPage\",\"@id\":\"https:\\\/\\\/eunate.org\\\/compliance-2\\\/\",\"url\":\"https:\\\/\\\/eunate.org\\\/compliance-2\\\/\",\"name\":\"COMPLIANCE - Asociaci\u00f3n Eunate Elkartea\",\"isPartOf\":{\"@id\":\"https:\\\/\\\/eunate.org\\\/#website\"},\"primaryImageOfPage\":{\"@id\":\"https:\\\/\\\/eunate.org\\\/compliance-2\\\/#primaryimage\"},\"image\":{\"@id\":\"https:\\\/\\\/eunate.org\\\/compliance-2\\\/#primaryimage\"},\"thumbnailUrl\":\"http:\\\/\\\/eunate.org\\\/wp-content\\\/uploads\\\/2025\\\/01\\\/LOGO-COMPLIANCE.jpg\",\"datePublished\":\"2025-01-10T08:33:50+00:00\",\"dateModified\":\"2025-01-13T11:43:44+00:00\",\"breadcrumb\":{\"@id\":\"https:\\\/\\\/eunate.org\\\/compliance-2\\\/#breadcrumb\"},\"inLanguage\":\"eu\",\"potentialAction\":[{\"@type\":\"ReadAction\",\"target\":[\"https:\\\/\\\/eunate.org\\\/compliance-2\\\/\"]}]},{\"@type\":\"ImageObject\",\"inLanguage\":\"eu\",\"@id\":\"https:\\\/\\\/eunate.org\\\/compliance-2\\\/#primaryimage\",\"url\":\"http:\\\/\\\/eunate.org\\\/wp-content\\\/uploads\\\/2025\\\/01\\\/LOGO-COMPLIANCE.jpg\",\"contentUrl\":\"http:\\\/\\\/eunate.org\\\/wp-content\\\/uploads\\\/2025\\\/01\\\/LOGO-COMPLIANCE.jpg\"},{\"@type\":\"BreadcrumbList\",\"@id\":\"https:\\\/\\\/eunate.org\\\/compliance-2\\\/#breadcrumb\",\"itemListElement\":[{\"@type\":\"ListItem\",\"position\":1,\"name\":\"Inicio\",\"item\":\"https:\\\/\\\/eunate.org\\\/\"},{\"@type\":\"ListItem\",\"position\":2,\"name\":\"COMPLIANCE\"}]},{\"@type\":\"WebSite\",\"@id\":\"https:\\\/\\\/eunate.org\\\/#website\",\"url\":\"https:\\\/\\\/eunate.org\\\/\",\"name\":\"Asociaci\u00f3n Eunate Elkartea\",\"description\":\"Asociaci\u00f3n de Familias de personas sordas de Navarra\",\"publisher\":{\"@id\":\"https:\\\/\\\/eunate.org\\\/#organization\"},\"potentialAction\":[{\"@type\":\"SearchAction\",\"target\":{\"@type\":\"EntryPoint\",\"urlTemplate\":\"https:\\\/\\\/eunate.org\\\/?s={search_term_string}\"},\"query-input\":{\"@type\":\"PropertyValueSpecification\",\"valueRequired\":true,\"valueName\":\"search_term_string\"}}],\"inLanguage\":\"eu\"},{\"@type\":\"Organization\",\"@id\":\"https:\\\/\\\/eunate.org\\\/#organization\",\"name\":\"Accisor\",\"url\":\"https:\\\/\\\/eunate.org\\\/\",\"logo\":{\"@type\":\"ImageObject\",\"inLanguage\":\"eu\",\"@id\":\"https:\\\/\\\/eunate.org\\\/#\\\/schema\\\/logo\\\/image\\\/\",\"url\":\"https:\\\/\\\/accisor.org\\\/wp-content\\\/uploads\\\/2021\\\/06\\\/favicon-accisor.png\",\"contentUrl\":\"https:\\\/\\\/accisor.org\\\/wp-content\\\/uploads\\\/2021\\\/06\\\/favicon-accisor.png\",\"width\":500,\"height\":500,\"caption\":\"Accisor\"},\"image\":{\"@id\":\"https:\\\/\\\/eunate.org\\\/#\\\/schema\\\/logo\\\/image\\\/\"}}]}<\/script>\n<!-- \/ Yoast SEO plugin. -->","yoast_head_json":{"title":"COMPLIANCE - Asociaci\u00f3n Eunate Elkartea","robots":{"index":"index","follow":"follow","max-snippet":"max-snippet:-1","max-image-preview":"max-image-preview:large","max-video-preview":"max-video-preview:-1"},"canonical":"https:\/\/eunate.org\/eu\/compliance-2\/","og_locale":"en_US","og_type":"article","og_title":"COMPLIANCE - Asociaci\u00f3n Eunate Elkartea","og_description":"COMPLIANCE EUNATE, como entidad socialmente responsable y con el objetivo de prevenir y mitigar riesgos penales, ha implementado un sistema de gesti\u00f3n estructurado y dise\u00f1ado para reducir el riesgo de comisi\u00f3n de delitos relacionados con nuestra actividad.\u00a0En consecuencia, el modelo de prevenci\u00f3n de riesgos penales de EUNATE se fundamenta sobre pol\u00edticas, procedimientos y controles.\u00a0\u00a0A continuaci\u00f3n,destacaremos [&hellip;]","og_url":"https:\/\/eunate.org\/eu\/compliance-2\/","og_site_name":"Asociaci\u00f3n Eunate Elkartea","article_modified_time":"2025-01-13T11:43:44+00:00","og_image":[{"url":"http:\/\/eunate.org\/wp-content\/uploads\/2025\/01\/LOGO-COMPLIANCE.jpg","type":"","width":"","height":""}],"twitter_card":"summary_large_image","schema":{"@context":"https:\/\/schema.org","@graph":[{"@type":"WebPage","@id":"https:\/\/eunate.org\/compliance-2\/","url":"https:\/\/eunate.org\/compliance-2\/","name":"COMPLIANCE - Asociaci\u00f3n Eunate Elkartea","isPartOf":{"@id":"https:\/\/eunate.org\/#website"},"primaryImageOfPage":{"@id":"https:\/\/eunate.org\/compliance-2\/#primaryimage"},"image":{"@id":"https:\/\/eunate.org\/compliance-2\/#primaryimage"},"thumbnailUrl":"http:\/\/eunate.org\/wp-content\/uploads\/2025\/01\/LOGO-COMPLIANCE.jpg","datePublished":"2025-01-10T08:33:50+00:00","dateModified":"2025-01-13T11:43:44+00:00","breadcrumb":{"@id":"https:\/\/eunate.org\/compliance-2\/#breadcrumb"},"inLanguage":"eu","potentialAction":[{"@type":"ReadAction","target":["https:\/\/eunate.org\/compliance-2\/"]}]},{"@type":"ImageObject","inLanguage":"eu","@id":"https:\/\/eunate.org\/compliance-2\/#primaryimage","url":"http:\/\/eunate.org\/wp-content\/uploads\/2025\/01\/LOGO-COMPLIANCE.jpg","contentUrl":"http:\/\/eunate.org\/wp-content\/uploads\/2025\/01\/LOGO-COMPLIANCE.jpg"},{"@type":"BreadcrumbList","@id":"https:\/\/eunate.org\/compliance-2\/#breadcrumb","itemListElement":[{"@type":"ListItem","position":1,"name":"Inicio","item":"https:\/\/eunate.org\/"},{"@type":"ListItem","position":2,"name":"COMPLIANCE"}]},{"@type":"WebSite","@id":"https:\/\/eunate.org\/#website","url":"https:\/\/eunate.org\/","name":"Asociaci\u00f3n Eunate Elkartea","description":"Asociaci\u00f3n de Familias de personas sordas de Navarra","publisher":{"@id":"https:\/\/eunate.org\/#organization"},"potentialAction":[{"@type":"SearchAction","target":{"@type":"EntryPoint","urlTemplate":"https:\/\/eunate.org\/?s={search_term_string}"},"query-input":{"@type":"PropertyValueSpecification","valueRequired":true,"valueName":"search_term_string"}}],"inLanguage":"eu"},{"@type":"Organization","@id":"https:\/\/eunate.org\/#organization","name":"Accisor","url":"https:\/\/eunate.org\/","logo":{"@type":"ImageObject","inLanguage":"eu","@id":"https:\/\/eunate.org\/#\/schema\/logo\/image\/","url":"https:\/\/accisor.org\/wp-content\/uploads\/2021\/06\/favicon-accisor.png","contentUrl":"https:\/\/accisor.org\/wp-content\/uploads\/2021\/06\/favicon-accisor.png","width":500,"height":500,"caption":"Accisor"},"image":{"@id":"https:\/\/eunate.org\/#\/schema\/logo\/image\/"}}]}},"_links":{"self":[{"href":"https:\/\/eunate.org\/eu\/wp-json\/wp\/v2\/pages\/1674","targetHints":{"allow":["GET"]}}],"collection":[{"href":"https:\/\/eunate.org\/eu\/wp-json\/wp\/v2\/pages"}],"about":[{"href":"https:\/\/eunate.org\/eu\/wp-json\/wp\/v2\/types\/page"}],"author":[{"embeddable":true,"href":"https:\/\/eunate.org\/eu\/wp-json\/wp\/v2\/users\/3"}],"replies":[{"embeddable":true,"href":"https:\/\/eunate.org\/eu\/wp-json\/wp\/v2\/comments?post=1674"}],"version-history":[{"count":0,"href":"https:\/\/eunate.org\/eu\/wp-json\/wp\/v2\/pages\/1674\/revisions"}],"wp:attachment":[{"href":"https:\/\/eunate.org\/eu\/wp-json\/wp\/v2\/media?parent=1674"}],"curies":[{"name":"wp","href":"https:\/\/api.w.org\/{rel}","templated":true}]}}