{"id":1746,"date":"2025-01-14T11:32:32","date_gmt":"2025-01-14T10:32:32","guid":{"rendered":"https:\/\/eunate.org\/?page_id=1746"},"modified":"2025-01-15T08:52:51","modified_gmt":"2025-01-15T07:52:51","slug":"elementor-pagina-1746","status":"publish","type":"page","link":"https:\/\/eunate.org\/eu\/elementor-pagina-1746\/","title":{"rendered":"Canal de denuncias"},"content":{"rendered":"<div data-elementor-type=\"wp-page\" data-elementor-id=\"1746\" class=\"elementor elementor-1746\">\n\t\t\t\t\t\t<section class=\"elementor-section elementor-top-section elementor-element elementor-element-78715ff elementor-section-boxed elementor-section-height-default elementor-section-height-default\" data-id=\"78715ff\" data-element_type=\"section\" data-e-type=\"section\">\n\t\t\t\t\t\t<div class=\"elementor-container elementor-column-gap-default\">\n\t\t\t\t\t<div class=\"elementor-column elementor-col-100 elementor-top-column elementor-element elementor-element-3922d74\" data-id=\"3922d74\" data-element_type=\"column\" data-e-type=\"column\">\n\t\t\t<div class=\"elementor-widget-wrap elementor-element-populated\">\n\t\t\t\t\t\t<div class=\"elementor-element elementor-element-ac028d4 elementor-widget elementor-widget-text-editor\" data-id=\"ac028d4\" data-element_type=\"widget\" data-e-type=\"widget\" data-widget_type=\"text-editor.default\">\n\t\t\t\t<div class=\"elementor-widget-container\">\n\t\t\t\t\t\t\t\t\t<div>Respondiendo a Ley 2\/2023, de 20 de febrero, reguladora de la protecci\u00f3n de las personas que informen sobre infracciones normativas y de lucha contra la corrupci\u00f3n, EUNATE ha implantado un sistema interno de comunicaci\u00f3n con el objetivo de otorgar una protecci\u00f3n adecuada frente a las represalias que puedan sufrir las personas f\u00edsicas que informen sobre alguna de las acciones u omisiones a que se refiere el art\u00edculo 2 de dicha Ley, a trav\u00e9s de los procedimientos previstos en la misma.\u00a0<\/div><div>\u00a0<\/div><div>Este Sistema de Comunicaci\u00f3n es una herramienta a disposici\u00f3n de todas las personas que forman parte de EUNATE, y de terceras, que colaboren de cualquier forma con la entidad.\u00a0<\/div><div>\u00a0<\/div><div>Se trata de un canal de comunicaci\u00f3n dise\u00f1ado, establecido y gestionado de forma segura, garantizando la confidencialidad de la persona informante y de cualquier tercera persona mencionada en la comunicaci\u00f3n.\u00a0<\/div><div>\u00a0<\/div><div>Se podr\u00e1 comunicar cualquier posible irregularidad o incumplimiento que pueda constituir infracciones del Derecho de la Uni\u00f3n Europea, as\u00ed como las acciones u omisiones que puedan ser constitutivas de infracci\u00f3n penal o administrativa grave o muy grave, incluyendo aquellas que impliquen quebranto econ\u00f3mico para la Hacienda P\u00fablica y para la Seguridad Social. Tambi\u00e9n se podr\u00e1n comunicar hechos que pudieran constituir infracciones relacionadas con los principios y valores de EUNATE recogidos en su C\u00f3digo \u00c9tico, o en cualquiera de sus Pol\u00edticas o Normativas internas cometidas por personal o personas\/sociedades vinculadas a EUNATE.\u00a0<\/div><div>\u00a0<\/div><div>Toda consulta, observaci\u00f3n o denuncia se podr\u00e1 realizar a trav\u00e9s del canal de denuncias establecido ubicado en la web. Esto incluye la posibilidad de realizarlo de manera an\u00f3nima.\u00a0 \u00a0<\/div><div>\u00a0<\/div><div>EUNATE advierte que no debe utilizarse este\u00a0canal\u00a0para llevar a cabo comunicaciones de mala fe que pretendan da\u00f1ar de manera intencionada la imagen o el prestigio de FIAPAS o de cualquier otra persona relacionada con la entidad.<\/div>\t\t\t\t\t\t\t\t<\/div>\n\t\t\t\t<\/div>\n\t\t\t\t\t<\/div>\n\t\t<\/div>\n\t\t\t\t\t<\/div>\n\t\t<\/section>\n\t\t\t\t<section class=\"elementor-section elementor-top-section elementor-element elementor-element-805d6a3 elementor-section-boxed elementor-section-height-default elementor-section-height-default\" data-id=\"805d6a3\" data-element_type=\"section\" data-e-type=\"section\">\n\t\t\t\t\t\t<div class=\"elementor-container elementor-column-gap-default\">\n\t\t\t\t\t<div class=\"elementor-column elementor-col-100 elementor-top-column elementor-element elementor-element-77b3b4b\" data-id=\"77b3b4b\" data-element_type=\"column\" data-e-type=\"column\">\n\t\t\t<div class=\"elementor-widget-wrap elementor-element-populated\">\n\t\t\t\t\t\t<div class=\"elementor-element elementor-element-6b91e5c elementor-widget__width-initial elementor-mobile-align-center elementor-widget-mobile__width-initial elementor-absolute elementor-widget elementor-widget-button\" data-id=\"6b91e5c\" data-element_type=\"widget\" data-e-type=\"widget\" data-settings=\"{&quot;_position&quot;:&quot;absolute&quot;}\" data-widget_type=\"button.default\">\n\t\t\t\t<div class=\"elementor-widget-container\">\n\t\t\t\t\t\t\t\t\t<div class=\"elementor-button-wrapper\">\n\t\t\t\t\t<a class=\"elementor-button elementor-button-link elementor-size-sm\" href=\"https:\/\/forms.gle\/RdtHc5cvWeu7P2ND8\" target=\"_blank\">\n\t\t\t\t\t\t<span class=\"elementor-button-content-wrapper\">\n\t\t\t\t\t\t\t\t\t<span class=\"elementor-button-text\">FORMULARIO DE DENUNCIAS <\/span>\n\t\t\t\t\t<\/span>\n\t\t\t\t\t<\/a>\n\t\t\t\t<\/div>\n\t\t\t\t\t\t\t\t<\/div>\n\t\t\t\t<\/div>\n\t\t\t\t\t<\/div>\n\t\t<\/div>\n\t\t\t\t\t<\/div>\n\t\t<\/section>\n\t\t\t\t<\/div>","protected":false},"excerpt":{"rendered":"<p>Respondiendo a Ley 2\/2023, de 20 de febrero, reguladora de la protecci\u00f3n de las personas que informen sobre infracciones normativas y de lucha contra la corrupci\u00f3n, EUNATE ha implantado un sistema interno de comunicaci\u00f3n con el objetivo de otorgar una protecci\u00f3n adecuada frente a las represalias que puedan sufrir las personas f\u00edsicas que informen sobre [&hellip;]<\/p>","protected":false},"author":3,"featured_media":0,"parent":0,"menu_order":0,"comment_status":"closed","ping_status":"closed","template":"","meta":{"footnotes":""},"class_list":["post-1746","page","type-page","status-publish","hentry"],"yoast_head":"<!-- This site is optimized with the Yoast SEO plugin v27.4 - https:\/\/yoast.com\/product\/yoast-seo-wordpress\/ -->\n<title>Canal de denuncias - Asociaci\u00f3n Eunate Elkartea<\/title>\n<meta name=\"robots\" content=\"index, follow, max-snippet:-1, max-image-preview:large, max-video-preview:-1\" \/>\n<link rel=\"canonical\" href=\"https:\/\/eunate.org\/eu\/elementor-pagina-1746\/\" \/>\n<meta property=\"og:locale\" content=\"en_US\" \/>\n<meta property=\"og:type\" content=\"article\" \/>\n<meta property=\"og:title\" content=\"Canal de denuncias - Asociaci\u00f3n Eunate Elkartea\" \/>\n<meta property=\"og:description\" content=\"Respondiendo a Ley 2\/2023, de 20 de febrero, reguladora de la protecci\u00f3n de las personas que informen sobre infracciones normativas y de lucha contra la corrupci\u00f3n, EUNATE ha implantado un sistema interno de comunicaci\u00f3n con el objetivo de otorgar una protecci\u00f3n adecuada frente a las represalias que puedan sufrir las personas f\u00edsicas que informen sobre [&hellip;]\" \/>\n<meta property=\"og:url\" content=\"https:\/\/eunate.org\/eu\/elementor-pagina-1746\/\" \/>\n<meta property=\"og:site_name\" content=\"Asociaci\u00f3n Eunate Elkartea\" \/>\n<meta property=\"article:modified_time\" content=\"2025-01-15T07:52:51+00:00\" \/>\n<meta name=\"twitter:card\" content=\"summary_large_image\" \/>\n<meta name=\"twitter:label1\" content=\"Est. reading time\" \/>\n\t<meta name=\"twitter:data1\" content=\"2 minutua\" \/>\n<script type=\"application\/ld+json\" class=\"yoast-schema-graph\">{\"@context\":\"https:\\\/\\\/schema.org\",\"@graph\":[{\"@type\":\"WebPage\",\"@id\":\"https:\\\/\\\/eunate.org\\\/eu\\\/elementor-pagina-1746\\\/\",\"url\":\"https:\\\/\\\/eunate.org\\\/eu\\\/elementor-pagina-1746\\\/\",\"name\":\"Canal de denuncias - Asociaci\u00f3n Eunate Elkartea\",\"isPartOf\":{\"@id\":\"https:\\\/\\\/eunate.org\\\/#website\"},\"datePublished\":\"2025-01-14T10:32:32+00:00\",\"dateModified\":\"2025-01-15T07:52:51+00:00\",\"breadcrumb\":{\"@id\":\"https:\\\/\\\/eunate.org\\\/eu\\\/elementor-pagina-1746\\\/#breadcrumb\"},\"inLanguage\":\"eu\",\"potentialAction\":[{\"@type\":\"ReadAction\",\"target\":[\"https:\\\/\\\/eunate.org\\\/eu\\\/elementor-pagina-1746\\\/\"]}]},{\"@type\":\"BreadcrumbList\",\"@id\":\"https:\\\/\\\/eunate.org\\\/eu\\\/elementor-pagina-1746\\\/#breadcrumb\",\"itemListElement\":[{\"@type\":\"ListItem\",\"position\":1,\"name\":\"Inicio\",\"item\":\"https:\\\/\\\/eunate.org\\\/\"},{\"@type\":\"ListItem\",\"position\":2,\"name\":\"Canal de denuncias\"}]},{\"@type\":\"WebSite\",\"@id\":\"https:\\\/\\\/eunate.org\\\/#website\",\"url\":\"https:\\\/\\\/eunate.org\\\/\",\"name\":\"Asociaci\u00f3n Eunate Elkartea\",\"description\":\"Asociaci\u00f3n de Familias de personas sordas de Navarra\",\"publisher\":{\"@id\":\"https:\\\/\\\/eunate.org\\\/#organization\"},\"potentialAction\":[{\"@type\":\"SearchAction\",\"target\":{\"@type\":\"EntryPoint\",\"urlTemplate\":\"https:\\\/\\\/eunate.org\\\/?s={search_term_string}\"},\"query-input\":{\"@type\":\"PropertyValueSpecification\",\"valueRequired\":true,\"valueName\":\"search_term_string\"}}],\"inLanguage\":\"eu\"},{\"@type\":\"Organization\",\"@id\":\"https:\\\/\\\/eunate.org\\\/#organization\",\"name\":\"Accisor\",\"url\":\"https:\\\/\\\/eunate.org\\\/\",\"logo\":{\"@type\":\"ImageObject\",\"inLanguage\":\"eu\",\"@id\":\"https:\\\/\\\/eunate.org\\\/#\\\/schema\\\/logo\\\/image\\\/\",\"url\":\"https:\\\/\\\/accisor.org\\\/wp-content\\\/uploads\\\/2021\\\/06\\\/favicon-accisor.png\",\"contentUrl\":\"https:\\\/\\\/accisor.org\\\/wp-content\\\/uploads\\\/2021\\\/06\\\/favicon-accisor.png\",\"width\":500,\"height\":500,\"caption\":\"Accisor\"},\"image\":{\"@id\":\"https:\\\/\\\/eunate.org\\\/#\\\/schema\\\/logo\\\/image\\\/\"}}]}<\/script>\n<!-- \/ Yoast SEO plugin. -->","yoast_head_json":{"title":"Canal de denuncias - Asociaci\u00f3n Eunate Elkartea","robots":{"index":"index","follow":"follow","max-snippet":"max-snippet:-1","max-image-preview":"max-image-preview:large","max-video-preview":"max-video-preview:-1"},"canonical":"https:\/\/eunate.org\/eu\/elementor-pagina-1746\/","og_locale":"en_US","og_type":"article","og_title":"Canal de denuncias - Asociaci\u00f3n Eunate Elkartea","og_description":"Respondiendo a Ley 2\/2023, de 20 de febrero, reguladora de la protecci\u00f3n de las personas que informen sobre infracciones normativas y de lucha contra la corrupci\u00f3n, EUNATE ha implantado un sistema interno de comunicaci\u00f3n con el objetivo de otorgar una protecci\u00f3n adecuada frente a las represalias que puedan sufrir las personas f\u00edsicas que informen sobre [&hellip;]","og_url":"https:\/\/eunate.org\/eu\/elementor-pagina-1746\/","og_site_name":"Asociaci\u00f3n Eunate Elkartea","article_modified_time":"2025-01-15T07:52:51+00:00","twitter_card":"summary_large_image","twitter_misc":{"Est. reading time":"2 minutua"},"schema":{"@context":"https:\/\/schema.org","@graph":[{"@type":"WebPage","@id":"https:\/\/eunate.org\/eu\/elementor-pagina-1746\/","url":"https:\/\/eunate.org\/eu\/elementor-pagina-1746\/","name":"Canal de denuncias - Asociaci\u00f3n Eunate Elkartea","isPartOf":{"@id":"https:\/\/eunate.org\/#website"},"datePublished":"2025-01-14T10:32:32+00:00","dateModified":"2025-01-15T07:52:51+00:00","breadcrumb":{"@id":"https:\/\/eunate.org\/eu\/elementor-pagina-1746\/#breadcrumb"},"inLanguage":"eu","potentialAction":[{"@type":"ReadAction","target":["https:\/\/eunate.org\/eu\/elementor-pagina-1746\/"]}]},{"@type":"BreadcrumbList","@id":"https:\/\/eunate.org\/eu\/elementor-pagina-1746\/#breadcrumb","itemListElement":[{"@type":"ListItem","position":1,"name":"Inicio","item":"https:\/\/eunate.org\/"},{"@type":"ListItem","position":2,"name":"Canal de denuncias"}]},{"@type":"WebSite","@id":"https:\/\/eunate.org\/#website","url":"https:\/\/eunate.org\/","name":"Asociaci\u00f3n Eunate Elkartea","description":"Asociaci\u00f3n de Familias de personas sordas de Navarra","publisher":{"@id":"https:\/\/eunate.org\/#organization"},"potentialAction":[{"@type":"SearchAction","target":{"@type":"EntryPoint","urlTemplate":"https:\/\/eunate.org\/?s={search_term_string}"},"query-input":{"@type":"PropertyValueSpecification","valueRequired":true,"valueName":"search_term_string"}}],"inLanguage":"eu"},{"@type":"Organization","@id":"https:\/\/eunate.org\/#organization","name":"Accisor","url":"https:\/\/eunate.org\/","logo":{"@type":"ImageObject","inLanguage":"eu","@id":"https:\/\/eunate.org\/#\/schema\/logo\/image\/","url":"https:\/\/accisor.org\/wp-content\/uploads\/2021\/06\/favicon-accisor.png","contentUrl":"https:\/\/accisor.org\/wp-content\/uploads\/2021\/06\/favicon-accisor.png","width":500,"height":500,"caption":"Accisor"},"image":{"@id":"https:\/\/eunate.org\/#\/schema\/logo\/image\/"}}]}},"_links":{"self":[{"href":"https:\/\/eunate.org\/eu\/wp-json\/wp\/v2\/pages\/1746","targetHints":{"allow":["GET"]}}],"collection":[{"href":"https:\/\/eunate.org\/eu\/wp-json\/wp\/v2\/pages"}],"about":[{"href":"https:\/\/eunate.org\/eu\/wp-json\/wp\/v2\/types\/page"}],"author":[{"embeddable":true,"href":"https:\/\/eunate.org\/eu\/wp-json\/wp\/v2\/users\/3"}],"replies":[{"embeddable":true,"href":"https:\/\/eunate.org\/eu\/wp-json\/wp\/v2\/comments?post=1746"}],"version-history":[{"count":0,"href":"https:\/\/eunate.org\/eu\/wp-json\/wp\/v2\/pages\/1746\/revisions"}],"wp:attachment":[{"href":"https:\/\/eunate.org\/eu\/wp-json\/wp\/v2\/media?parent=1746"}],"curies":[{"name":"wp","href":"https:\/\/api.w.org\/{rel}","templated":true}]}}